{"id":129,"date":"2017-06-14T20:34:13","date_gmt":"2017-06-14T20:34:13","guid":{"rendered":"http:\/\/ecoimpacto.com.co\/?page_id=129"},"modified":"2017-07-04T16:47:07","modified_gmt":"2017-07-04T16:47:07","slug":"antal","status":"publish","type":"page","link":"http:\/\/ecoimpacto.com.co\/?page_id=129","title":{"rendered":"Antal"},"content":{"rendered":"<p style=\"text-align: justify;\"><a href=\"http:\/\/antalcolombia.com\/\"><img loading=\"lazy\" decoding=\"async\" class=\"wp-image-130 alignleft\" src=\"http:\/\/ecoimpacto.com.co\/wp-content\/uploads\/2017\/06\/logo-246x300.png\" alt=\"http:\/\/antalcolombia.com\/\" width=\"221\" height=\"251\" \/><\/a><span style=\"font-size: 14pt;\"><span style=\"font-family: helvetica, arial, sans-serif;\">Somos una empresa colombiana joven, din\u00e1mica, con una metodolog\u00eda que marca la diferencia. Hemos desarrollado un equipo de entrenadores y colaboradores que desde nuestra esencia, capacitaci\u00f3n y experiencia, estamos dispuestos a ir m\u00e1s all\u00e1 de lo tradicional porque estamos convencidos del poder transformador y de la grandeza interior que hay en cada una de las personas y de esta manera impactar positivamente en todas las \u00e1reas de sus vidas.<\/span><\/span><\/p>\n<p><span style=\"font-size: 14pt;\"><span style=\"font-family: helvetica, arial, sans-serif;\">Misi\u00f3n<\/span><\/span><\/p>\n<p><span style=\"font-size: 14pt;\"><span style=\"font-family: helvetica, arial, sans-serif;\">Buscamos inspirar en los seres humanos cambios trascendentales desde lo m\u00e1s profundo de su ser, con el dise\u00f1o de programas que facilitan el crecimiento y bienestar de nuestros clientes a trav\u00e9s de experiencias \u00fanicas, espacios de reflexi\u00f3n, vivencias personales y grupales para propiciar su empoderamiento.<\/span><\/span><\/p>\n<p><span style=\"font-size: 14pt;\"><span style=\"font-family: helvetica, arial, sans-serif;\">Visi\u00f3n <\/span><\/span><\/p>\n<p><span style=\"font-size: 14pt;\"><span style=\"font-family: helvetica, arial, sans-serif;\">Para el a\u00f1o 2022 hemos inspirado a m\u00e1s de 10.000 personas ret\u00e1ndolos para ser verdaderos l\u00edderes de su vida y aportando lo mejor de sus esencias a su entorno.<\/span><\/span><\/p>\n","protected":false},"excerpt":{"rendered":"<p>Somos una empresa colombiana joven, din\u00e1mica, con una metodolog\u00eda que marca la diferencia. Hemos desarrollado un equipo de entrenadores y colaboradores que desde nuestra esencia, capacitaci\u00f3n y experiencia, estamos dispuestos a ir m\u00e1s all\u00e1 de lo tradicional porque estamos convencidos del poder transformador y de la grandeza interior que hay en cada una de las personas y de esta manera impactar positivamente en todas las \u00e1reas&hellip;<\/p>\n","protected":false},"author":1,"featured_media":411,"parent":0,"menu_order":0,"comment_status":"closed","ping_status":"closed","template":"","meta":{"footnotes":""},"_links":{"self":[{"href":"http:\/\/ecoimpacto.com.co\/index.php?rest_route=\/wp\/v2\/pages\/129"}],"collection":[{"href":"http:\/\/ecoimpacto.com.co\/index.php?rest_route=\/wp\/v2\/pages"}],"about":[{"href":"http:\/\/ecoimpacto.com.co\/index.php?rest_route=\/wp\/v2\/types\/page"}],"author":[{"embeddable":true,"href":"http:\/\/ecoimpacto.com.co\/index.php?rest_route=\/wp\/v2\/users\/1"}],"replies":[{"embeddable":true,"href":"http:\/\/ecoimpacto.com.co\/index.php?rest_route=%2Fwp%2Fv2%2Fcomments&post=129"}],"version-history":[{"count":14,"href":"http:\/\/ecoimpacto.com.co\/index.php?rest_route=\/wp\/v2\/pages\/129\/revisions"}],"predecessor-version":[{"id":452,"href":"http:\/\/ecoimpacto.com.co\/index.php?rest_route=\/wp\/v2\/pages\/129\/revisions\/452"}],"wp:featuredmedia":[{"embeddable":true,"href":"http:\/\/ecoimpacto.com.co\/index.php?rest_route=\/wp\/v2\/media\/411"}],"wp:attachment":[{"href":"http:\/\/ecoimpacto.com.co\/index.php?rest_route=%2Fwp%2Fv2%2Fmedia&parent=129"}],"curies":[{"name":"wp","href":"https:\/\/api.w.org\/{rel}","templated":true}]}}