{"id":134,"date":"2017-06-14T20:35:38","date_gmt":"2017-06-14T20:35:38","guid":{"rendered":"http:\/\/ecoimpacto.com.co\/?page_id=134"},"modified":"2017-07-04T16:12:33","modified_gmt":"2017-07-04T16:12:33","slug":"patentar-en-colombia","status":"publish","type":"page","link":"http:\/\/ecoimpacto.com.co\/?page_id=134","title":{"rendered":"Propiedad Industrial"},"content":{"rendered":"<p><img loading=\"lazy\" decoding=\"async\" class=\"wp-image-419 alignright\" src=\"http:\/\/ecoimpacto.com.co\/wp-content\/uploads\/2017\/06\/ODR9H00-600x399.jpg\" alt=\"\" width=\"320\" height=\"202\" \/><span style=\"font-size: 14pt;\">Contamos con un equipo de ingenieros especializados en distintas disciplinas con m\u00e1s de diez a\u00f1os de experiencia en Propiedad Industrial, preparados para soportar las necesidades del mercado, apoyados en un grupo de abogados especializados.<\/span><\/p>\n<p style=\"text-align: justify;\"><span style=\"font-size: 14pt;\">Para tecnificar el desarrollo de sus nuevos productos y procesos, prestamos el servicio de Vigilancia Tecnol\u00f3gica a trav\u00e9s de b\u00fasquedas en bases de datos especializadas, art\u00edculos acad\u00e9micos, documentos t\u00e9cnicos y cient\u00edficos.<\/span><\/p>\n<p style=\"text-align: justify;\"><span style=\"font-size: 14pt;\">Para aumentar las probabilidades de \u00e9xito en la obtenci\u00f3n del t\u00edtulo de su Solicitud de Patente, realizamos siempre una b\u00fasqueda de antecedentes que nos permita identificar el nivel inventivo y la estrategia que a trav\u00e9s de la redacci\u00f3n viabilice la protecci\u00f3n real de la materia novedosa de sus invenciones.<\/span><\/p>\n<p><span style=\"font-size: 18pt;\"><span style=\"font-size: 14pt;\"><span style=\"color: #0000ff;\"><a href=\"http:\/\/patentarencolombia.com\/\" target=\"_blank\" rel=\"noopener\">Ingresa a<\/a> \u00a0<\/span> \u00a0 \u00a0 \u00a0\u00a0<\/span><a href=\"http:\/\/patentarencolombia.com\/\" target=\"_blank\" rel=\"noopener\"><img loading=\"lazy\" decoding=\"async\" class=\"alignnone size-medium wp-image-135 aligncenter\" src=\"http:\/\/ecoimpacto.com.co\/wp-content\/uploads\/2017\/06\/logo-patentar-300x88.png\" alt=\"http:\/\/patentarencolombia.com\/\" width=\"300\" height=\"88\" srcset=\"http:\/\/ecoimpacto.com.co\/wp-content\/uploads\/2017\/06\/logo-patentar-300x88.png 300w, http:\/\/ecoimpacto.com.co\/wp-content\/uploads\/2017\/06\/logo-patentar-768x226.png 768w, http:\/\/ecoimpacto.com.co\/wp-content\/uploads\/2017\/06\/logo-patentar-1024x302.png 1024w\" sizes=\"(max-width: 300px) 100vw, 300px\" \/><\/a><\/span><\/p>\n<p>&nbsp;<\/p>\n","protected":false},"excerpt":{"rendered":"<p>Contamos con un equipo de ingenieros especializados en distintas disciplinas con m\u00e1s de diez a\u00f1os de experiencia en Propiedad Industrial, preparados para soportar las necesidades del mercado, apoyados en un grupo de abogados especializados. Para tecnificar el desarrollo de sus nuevos productos y procesos, prestamos el servicio de Vigilancia Tecnol\u00f3gica a trav\u00e9s de b\u00fasquedas en bases de datos especializadas, art\u00edculos acad\u00e9micos, documentos t\u00e9cnicos y cient\u00edficos. Para&hellip;<\/p>\n","protected":false},"author":1,"featured_media":371,"parent":0,"menu_order":0,"comment_status":"closed","ping_status":"closed","template":"","meta":{"footnotes":""},"_links":{"self":[{"href":"http:\/\/ecoimpacto.com.co\/index.php?rest_route=\/wp\/v2\/pages\/134"}],"collection":[{"href":"http:\/\/ecoimpacto.com.co\/index.php?rest_route=\/wp\/v2\/pages"}],"about":[{"href":"http:\/\/ecoimpacto.com.co\/index.php?rest_route=\/wp\/v2\/types\/page"}],"author":[{"embeddable":true,"href":"http:\/\/ecoimpacto.com.co\/index.php?rest_route=\/wp\/v2\/users\/1"}],"replies":[{"embeddable":true,"href":"http:\/\/ecoimpacto.com.co\/index.php?rest_route=%2Fwp%2Fv2%2Fcomments&post=134"}],"version-history":[{"count":14,"href":"http:\/\/ecoimpacto.com.co\/index.php?rest_route=\/wp\/v2\/pages\/134\/revisions"}],"predecessor-version":[{"id":444,"href":"http:\/\/ecoimpacto.com.co\/index.php?rest_route=\/wp\/v2\/pages\/134\/revisions\/444"}],"wp:featuredmedia":[{"embeddable":true,"href":"http:\/\/ecoimpacto.com.co\/index.php?rest_route=\/wp\/v2\/media\/371"}],"wp:attachment":[{"href":"http:\/\/ecoimpacto.com.co\/index.php?rest_route=%2Fwp%2Fv2%2Fmedia&parent=134"}],"curies":[{"name":"wp","href":"https:\/\/api.w.org\/{rel}","templated":true}]}}