{"id":20,"date":"2017-06-09T21:11:51","date_gmt":"2017-06-09T21:11:51","guid":{"rendered":"http:\/\/ecoimpacto.com.co\/?page_id=20"},"modified":"2017-07-04T16:12:24","modified_gmt":"2017-07-04T16:12:24","slug":"nosotros","status":"publish","type":"page","link":"http:\/\/ecoimpacto.com.co\/?page_id=20","title":{"rendered":"Nosotros"},"content":{"rendered":"<p style=\"text-align: justify;\"><span style=\"font-family: helvetica, arial, sans-serif; font-size: 18pt;\"><img loading=\"lazy\" decoding=\"async\" class=\"alignright wp-image-317 \" src=\"http:\/\/ecoimpacto.com.co\/wp-content\/uploads\/2017\/06\/ebt-01-01-742x1024.png\" alt=\"\" width=\"267\" height=\"368\" srcset=\"http:\/\/ecoimpacto.com.co\/wp-content\/uploads\/2017\/06\/ebt-01-01-742x1024.png 742w, http:\/\/ecoimpacto.com.co\/wp-content\/uploads\/2017\/06\/ebt-01-01-217x300.png 217w, http:\/\/ecoimpacto.com.co\/wp-content\/uploads\/2017\/06\/ebt-01-01-768x1060.png 768w, http:\/\/ecoimpacto.com.co\/wp-content\/uploads\/2017\/06\/ebt-01-01.png 1548w\" sizes=\"(max-width: 267px) 100vw, 267px\" \/><\/span><span style=\"font-size: 14pt;\">Contamos con dos l\u00edneas de investigaci\u00f3n:<\/span><\/p>\n<p style=\"text-align: justify;\"><span style=\"font-size: 14pt;\"><b>Eficiencia <\/b><b>energ\u00e9tica <\/b><\/span><\/p>\n<p style=\"text-align: justify;\"><span style=\"font-size: 14pt;\"><b>Refrigeraci\u00f3n<\/b>.<\/span><\/p>\n<p style=\"text-align: justify;\"><span style=\"font-size: 14pt;\">Uno de nuestros <b>indicadores<\/b> claves est\u00e1 basado en el n\u00famero de <b>patentes<\/b><b> \/ <\/b>a\u00f1o.<\/span><\/p>\n<p style=\"text-align: justify;\"><span style=\"font-size: 14pt;\">Llevamos nuestras investigaciones a <b>productos<\/b>, <b>sistemas o servicios <\/b>que nos permitan escalarlos en el mercado.<\/span><\/p>\n<p style=\"text-align: justify;\"><span style=\"font-size: 14pt;\">Evaluamos la viabilidad <b>t\u00e9cnica, jur\u00eddica y financiera<\/b> de nuestros proyectos.<\/span><\/p>\n<p><span style=\"font-size: 14pt;\">Estamos haciendo v\u00ednculos con la academia y la industria extranjera: Alemania, Australia, Francia <\/span><\/p>\n","protected":false},"excerpt":{"rendered":"<p>Contamos con dos l\u00edneas de investigaci\u00f3n: Eficiencia energ\u00e9tica Refrigeraci\u00f3n. Uno de nuestros indicadores claves est\u00e1 basado en el n\u00famero de patentes \/ a\u00f1o. Llevamos nuestras investigaciones a productos, sistemas o servicios que nos permitan escalarlos en el mercado. Evaluamos la viabilidad t\u00e9cnica, jur\u00eddica y financiera de nuestros proyectos. Estamos haciendo v\u00ednculos con la academia y la industria extranjera: Alemania, Australia, Francia<\/p>\n","protected":false},"author":1,"featured_media":0,"parent":0,"menu_order":0,"comment_status":"closed","ping_status":"closed","template":"","meta":{"footnotes":""},"_links":{"self":[{"href":"http:\/\/ecoimpacto.com.co\/index.php?rest_route=\/wp\/v2\/pages\/20"}],"collection":[{"href":"http:\/\/ecoimpacto.com.co\/index.php?rest_route=\/wp\/v2\/pages"}],"about":[{"href":"http:\/\/ecoimpacto.com.co\/index.php?rest_route=\/wp\/v2\/types\/page"}],"author":[{"embeddable":true,"href":"http:\/\/ecoimpacto.com.co\/index.php?rest_route=\/wp\/v2\/users\/1"}],"replies":[{"embeddable":true,"href":"http:\/\/ecoimpacto.com.co\/index.php?rest_route=%2Fwp%2Fv2%2Fcomments&post=20"}],"version-history":[{"count":13,"href":"http:\/\/ecoimpacto.com.co\/index.php?rest_route=\/wp\/v2\/pages\/20\/revisions"}],"predecessor-version":[{"id":443,"href":"http:\/\/ecoimpacto.com.co\/index.php?rest_route=\/wp\/v2\/pages\/20\/revisions\/443"}],"wp:attachment":[{"href":"http:\/\/ecoimpacto.com.co\/index.php?rest_route=%2Fwp%2Fv2%2Fmedia&parent=20"}],"curies":[{"name":"wp","href":"https:\/\/api.w.org\/{rel}","templated":true}]}}