{"id":236,"date":"2017-06-16T17:46:50","date_gmt":"2017-06-16T17:46:50","guid":{"rendered":"http:\/\/ecoimpacto.com.co\/?page_id=236"},"modified":"2017-07-04T16:11:30","modified_gmt":"2017-07-04T16:11:30","slug":"ingenieria-de-producto","status":"publish","type":"page","link":"http:\/\/ecoimpacto.com.co\/?page_id=236","title":{"rendered":"Ingenier\u00eda de Producto"},"content":{"rendered":"<p><span style=\"font-family: tahoma, arial, helvetica, sans-serif; font-size: 14pt;\"><img loading=\"lazy\" decoding=\"async\" class=\"wp-image-353 alignright\" src=\"http:\/\/ecoimpacto.com.co\/wp-content\/uploads\/2017\/06\/1-600x338.jpg\" alt=\"\" width=\"333\" height=\"213\" \/><\/span><span style=\"font-size: 14pt;\">A trav\u00e9s de un equipo interdisciplinario de profesionales dise\u00f1a, desarrolla y valida productos en sus laboratorios y una red de aliados estrat\u00e9gicos.<\/span><\/p>\n<p><span style=\"font-size: 14pt;\">Sus procedimientos est\u00e1n orientados a obtener los requerimientos que permitan escalar productos, realizando una transferencia tecnol\u00f3gica para llevarlos a ser producidos por la industria nacional o extranjera.<\/span><\/p>\n","protected":false},"excerpt":{"rendered":"<p>A trav\u00e9s de un equipo interdisciplinario de profesionales dise\u00f1a, desarrolla y valida productos en sus laboratorios y una red de aliados estrat\u00e9gicos. Sus procedimientos est\u00e1n orientados a obtener los requerimientos que permitan escalar productos, realizando una transferencia tecnol\u00f3gica para llevarlos a ser producidos por la industria nacional o extranjera.<\/p>\n","protected":false},"author":1,"featured_media":372,"parent":0,"menu_order":0,"comment_status":"closed","ping_status":"closed","template":"","meta":{"footnotes":""},"_links":{"self":[{"href":"http:\/\/ecoimpacto.com.co\/index.php?rest_route=\/wp\/v2\/pages\/236"}],"collection":[{"href":"http:\/\/ecoimpacto.com.co\/index.php?rest_route=\/wp\/v2\/pages"}],"about":[{"href":"http:\/\/ecoimpacto.com.co\/index.php?rest_route=\/wp\/v2\/types\/page"}],"author":[{"embeddable":true,"href":"http:\/\/ecoimpacto.com.co\/index.php?rest_route=\/wp\/v2\/users\/1"}],"replies":[{"embeddable":true,"href":"http:\/\/ecoimpacto.com.co\/index.php?rest_route=%2Fwp%2Fv2%2Fcomments&post=236"}],"version-history":[{"count":13,"href":"http:\/\/ecoimpacto.com.co\/index.php?rest_route=\/wp\/v2\/pages\/236\/revisions"}],"predecessor-version":[{"id":441,"href":"http:\/\/ecoimpacto.com.co\/index.php?rest_route=\/wp\/v2\/pages\/236\/revisions\/441"}],"wp:featuredmedia":[{"embeddable":true,"href":"http:\/\/ecoimpacto.com.co\/index.php?rest_route=\/wp\/v2\/media\/372"}],"wp:attachment":[{"href":"http:\/\/ecoimpacto.com.co\/index.php?rest_route=%2Fwp%2Fv2%2Fmedia&parent=236"}],"curies":[{"name":"wp","href":"https:\/\/api.w.org\/{rel}","templated":true}]}}