{"id":388,"date":"2017-06-29T13:56:04","date_gmt":"2017-06-29T13:56:04","guid":{"rendered":"http:\/\/ecoimpacto.com.co\/?page_id=388"},"modified":"2017-07-04T16:19:26","modified_gmt":"2017-07-04T16:19:26","slug":"lineas-de-investigacion","status":"publish","type":"page","link":"http:\/\/ecoimpacto.com.co\/?page_id=388","title":{"rendered":"LINEAS DE INVESTIGACI\u00d3N"},"content":{"rendered":"<p style=\"margin: 18.0pt 0cm 18.0pt 0cm;\"><span style=\"color: black; font-size: 14pt;\">El desarrollo de proyectos y la investigaci\u00f3n tienen impacto en la mejora de nuestra empresa y la generaci\u00f3n de conocimiento, as\u00ed como en el desarrollo y ejecuci\u00f3n de otros proyectos.<\/span><\/p>\n<p>&nbsp;<\/p>\n<div class=\"ich-prefix\">\r\n\r\n    \r\n    <div class=\"row wcp-fgg-wrap\" style=\"width:auto;margin-left: -15px;margin-right: -15px;\">\r\n\r\n                                <div class=\"col-1-2\" style=\"padding: 15px;\">\r\n                <div class=\"wcp-caption-plugin\" ontouchstart=\"\" id=\"wcp-widget-301-1\" style=\"\">\r\n    <a  href=\"http:\/\/ecoimpacto.com.co\/?page_id=138\" target=\"_blank\">        <div class=\"image-caption-box\">\r\n            <div class=\"caption image-turn-around\"\r\n                style=\"background-color: #003891;\r\n                    color: ;\">\r\n                <div style=\"display:table;height:100%;width: 100%;\">\r\n                    <div class=\"centered-text\" style=\"text-align: auto; padding: 5px;\">\r\n                        <p style=\"text-align: center;\"><span style=\"font-family: 'arial black', sans-serif; font-size: 20pt; color: #ffffff;\">Tecnolog\u00eda en Refrigeraci\u00f3n  <\/span><\/p>                    <\/div>\r\n                <\/div>\r\n            <\/div>\r\n            <img decoding=\"async\" class=\"wcp-caption-image\" src=\"http:\/\/ecoimpacto.com.co\/wp-content\/uploads\/2017\/06\/mimiatura-01.png\" title=\"Tecnolog\u00eda en Refrigeraci\u00f3n\" alt=\"\" style=\"\"\/>\r\n        <\/div>\r\n\r\n    <\/a><\/div>\r\n<style>\r\n    <\/style>            <\/div>\r\n            \r\n                                <div class=\"col-1-2\" style=\"padding: 15px;\">\r\n                <div class=\"wcp-caption-plugin\" ontouchstart=\"\" id=\"wcp-widget-301-2\" style=\"\">\r\n    <a  href=\"http:\/\/ecoimpacto.com.co\/?page_id=38\" target=\"_blank\">        <div class=\"image-caption-box\">\r\n            <div class=\"caption image-turn-around\"\r\n                style=\"background-color: #003891;\r\n                    color: ;\">\r\n                <div style=\"display:table;height:100%;width: 100%;\">\r\n                    <div class=\"centered-text\" style=\"text-align: auto; padding: 5px;\">\r\n                        <p style=\"text-align: center;\"><span style=\"font-family: 'arial black', sans-serif; font-size: 20pt; color: #ffffff;\">Tecnolog\u00eda en Eficiencia Energ\u00e9tica  <\/span><\/p>                    <\/div>\r\n                <\/div>\r\n            <\/div>\r\n            <img decoding=\"async\" class=\"wcp-caption-image\" src=\"http:\/\/ecoimpacto.com.co\/wp-content\/uploads\/2017\/06\/efmimiatura-01.png\" title=\"Tecnolog\u00eda en Eficiencia Energ\u00e9tica\" alt=\"\" style=\"\"\/>\r\n        <\/div>\r\n\r\n    <\/a><\/div>\r\n<style>\r\n    <\/style>            <\/div>\r\n            \r\n            <\/div>\r\n    \r\n\r\n    \r\n    <div class=\"clearfix\"><\/div>\r\n    \r\n<\/div>\n","protected":false},"excerpt":{"rendered":"<p>El desarrollo de proyectos y la investigaci\u00f3n tienen impacto en la mejora de nuestra empresa y la generaci\u00f3n de conocimiento, as\u00ed como en el desarrollo y ejecuci\u00f3n de otros proyectos. &nbsp;<\/p>\n","protected":false},"author":1,"featured_media":406,"parent":0,"menu_order":0,"comment_status":"closed","ping_status":"closed","template":"","meta":{"footnotes":""},"_links":{"self":[{"href":"http:\/\/ecoimpacto.com.co\/index.php?rest_route=\/wp\/v2\/pages\/388"}],"collection":[{"href":"http:\/\/ecoimpacto.com.co\/index.php?rest_route=\/wp\/v2\/pages"}],"about":[{"href":"http:\/\/ecoimpacto.com.co\/index.php?rest_route=\/wp\/v2\/types\/page"}],"author":[{"embeddable":true,"href":"http:\/\/ecoimpacto.com.co\/index.php?rest_route=\/wp\/v2\/users\/1"}],"replies":[{"embeddable":true,"href":"http:\/\/ecoimpacto.com.co\/index.php?rest_route=%2Fwp%2Fv2%2Fcomments&post=388"}],"version-history":[{"count":7,"href":"http:\/\/ecoimpacto.com.co\/index.php?rest_route=\/wp\/v2\/pages\/388\/revisions"}],"predecessor-version":[{"id":442,"href":"http:\/\/ecoimpacto.com.co\/index.php?rest_route=\/wp\/v2\/pages\/388\/revisions\/442"}],"wp:featuredmedia":[{"embeddable":true,"href":"http:\/\/ecoimpacto.com.co\/index.php?rest_route=\/wp\/v2\/media\/406"}],"wp:attachment":[{"href":"http:\/\/ecoimpacto.com.co\/index.php?rest_route=%2Fwp%2Fv2%2Fmedia&parent=388"}],"curies":[{"name":"wp","href":"https:\/\/api.w.org\/{rel}","templated":true}]}}